{"id":55,"date":"2023-05-08T20:56:39","date_gmt":"2023-05-08T20:56:39","guid":{"rendered":"http:\/\/complianceokin.wbfdev.cz\/?page_id=55"},"modified":"2026-03-08T18:20:26","modified_gmt":"2026-03-08T18:20:26","slug":"anonymous","status":"publish","type":"page","link":"https:\/\/compliance.okin.eu\/en\/anonymous\/","title":{"rendered":"Anonymous"},"content":{"rendered":"<div data-elementor-type=\"wp-page\" data-elementor-id=\"55\" class=\"elementor elementor-55\">\n\t\t\t\t\t\t\t\t\t<section class=\"elementor-section elementor-top-section elementor-element elementor-element-2725d43 elementor-section-boxed elementor-section-height-default elementor-section-height-default\" data-id=\"2725d43\" data-element_type=\"section\">\n\t\t\t\t\t\t<div class=\"elementor-container elementor-column-gap-default\">\n\t\t\t\t\t<div class=\"elementor-column elementor-col-100 elementor-top-column elementor-element elementor-element-b809145\" data-id=\"b809145\" data-element_type=\"column\">\n\t\t\t<div class=\"elementor-widget-wrap elementor-element-populated\">\n\t\t\t\t\t\t\t\t<div class=\"elementor-element elementor-element-8245b16 elementor-widget elementor-widget-heading\" data-id=\"8245b16\" data-element_type=\"widget\" data-widget_type=\"heading.default\">\n\t\t\t\t<div class=\"elementor-widget-container\">\n\t\t\t<style>\/*! elementor - v3.13.3 - 22-05-2023 *\/\n.elementor-heading-title{padding:0;margin:0;line-height:1}.elementor-widget-heading .elementor-heading-title[class*=elementor-size-]>a{color:inherit;font-size:inherit;line-height:inherit}.elementor-widget-heading .elementor-heading-title.elementor-size-small{font-size:15px}.elementor-widget-heading .elementor-heading-title.elementor-size-medium{font-size:19px}.elementor-widget-heading .elementor-heading-title.elementor-size-large{font-size:29px}.elementor-widget-heading .elementor-heading-title.elementor-size-xl{font-size:39px}.elementor-widget-heading .elementor-heading-title.elementor-size-xxl{font-size:59px}<\/style><h2 class=\"elementor-heading-title elementor-size-default\">Anonymous Submission Form<\/h2>\t\t<\/div>\n\t\t\t\t<\/div>\n\t\t\t\t<div class=\"elementor-element elementor-element-e897530 elementor-button-align-stretch elementor-widget elementor-widget-form\" data-id=\"e897530\" data-element_type=\"widget\" data-settings=\"{&quot;step_next_label&quot;:&quot;Next&quot;,&quot;step_previous_label&quot;:&quot;Previous&quot;,&quot;button_width&quot;:&quot;100&quot;,&quot;step_type&quot;:&quot;number_text&quot;,&quot;step_icon_shape&quot;:&quot;circle&quot;}\" data-widget_type=\"form.default\">\n\t\t\t\t<div class=\"elementor-widget-container\">\n\t\t\t<style>\/*! elementor-pro - v3.13.1 - 11-05-2023 *\/\n.elementor-button.elementor-hidden,.elementor-hidden{display:none}.e-form__step{width:100%}.e-form__step:not(.elementor-hidden){display:flex;flex-wrap:wrap}.e-form__buttons{flex-wrap:wrap}.e-form__buttons,.e-form__buttons__wrapper{display:flex}.e-form__indicators{display:flex;justify-content:space-between;align-items:center;flex-wrap:nowrap;font-size:13px;margin-bottom:var(--e-form-steps-indicators-spacing)}.e-form__indicators__indicator{display:flex;flex-direction:column;align-items:center;justify-content:center;flex-basis:0;padding:0 var(--e-form-steps-divider-gap)}.e-form__indicators__indicator__progress{width:100%;position:relative;background-color:var(--e-form-steps-indicator-progress-background-color);border-radius:var(--e-form-steps-indicator-progress-border-radius);overflow:hidden}.e-form__indicators__indicator__progress__meter{width:var(--e-form-steps-indicator-progress-meter-width,0);height:var(--e-form-steps-indicator-progress-height);line-height:var(--e-form-steps-indicator-progress-height);padding-right:15px;border-radius:var(--e-form-steps-indicator-progress-border-radius);background-color:var(--e-form-steps-indicator-progress-color);color:var(--e-form-steps-indicator-progress-meter-color);text-align:right;transition:width .1s linear}.e-form__indicators__indicator:first-child{padding-left:0}.e-form__indicators__indicator:last-child{padding-right:0}.e-form__indicators__indicator--state-inactive{color:var(--e-form-steps-indicator-inactive-primary-color,#c2cbd2)}.e-form__indicators__indicator--state-inactive [class*=indicator--shape-]:not(.e-form__indicators__indicator--shape-none){background-color:var(--e-form-steps-indicator-inactive-secondary-color,#fff)}.e-form__indicators__indicator--state-inactive object,.e-form__indicators__indicator--state-inactive svg{fill:var(--e-form-steps-indicator-inactive-primary-color,#c2cbd2)}.e-form__indicators__indicator--state-active{color:var(--e-form-steps-indicator-active-primary-color,#39b54a);border-color:var(--e-form-steps-indicator-active-secondary-color,#fff)}.e-form__indicators__indicator--state-active [class*=indicator--shape-]:not(.e-form__indicators__indicator--shape-none){background-color:var(--e-form-steps-indicator-active-secondary-color,#fff)}.e-form__indicators__indicator--state-active object,.e-form__indicators__indicator--state-active svg{fill:var(--e-form-steps-indicator-active-primary-color,#39b54a)}.e-form__indicators__indicator--state-completed{color:var(--e-form-steps-indicator-completed-secondary-color,#fff)}.e-form__indicators__indicator--state-completed [class*=indicator--shape-]:not(.e-form__indicators__indicator--shape-none){background-color:var(--e-form-steps-indicator-completed-primary-color,#39b54a)}.e-form__indicators__indicator--state-completed .e-form__indicators__indicator__label{color:var(--e-form-steps-indicator-completed-primary-color,#39b54a)}.e-form__indicators__indicator--state-completed .e-form__indicators__indicator--shape-none{color:var(--e-form-steps-indicator-completed-primary-color,#39b54a);background-color:initial}.e-form__indicators__indicator--state-completed object,.e-form__indicators__indicator--state-completed svg{fill:var(--e-form-steps-indicator-completed-secondary-color,#fff)}.e-form__indicators__indicator__icon{width:var(--e-form-steps-indicator-padding,30px);height:var(--e-form-steps-indicator-padding,30px);font-size:var(--e-form-steps-indicator-icon-size);border-width:1px;border-style:solid;display:flex;justify-content:center;align-items:center;overflow:hidden;margin-bottom:10px}.e-form__indicators__indicator__icon img,.e-form__indicators__indicator__icon object,.e-form__indicators__indicator__icon svg{width:var(--e-form-steps-indicator-icon-size);height:auto}.e-form__indicators__indicator__icon .e-font-icon-svg{height:1em}.e-form__indicators__indicator__number{width:var(--e-form-steps-indicator-padding,30px);height:var(--e-form-steps-indicator-padding,30px);border-width:1px;border-style:solid;display:flex;justify-content:center;align-items:center;margin-bottom:10px}.e-form__indicators__indicator--shape-circle{border-radius:50%}.e-form__indicators__indicator--shape-square{border-radius:0}.e-form__indicators__indicator--shape-rounded{border-radius:5px}.e-form__indicators__indicator--shape-none{border:0}.e-form__indicators__indicator__label{text-align:center}.e-form__indicators__indicator__separator{width:100%;height:var(--e-form-steps-divider-width);background-color:#babfc5}.e-form__indicators--type-icon,.e-form__indicators--type-icon_text,.e-form__indicators--type-number,.e-form__indicators--type-number_text{align-items:flex-start}.e-form__indicators--type-icon .e-form__indicators__indicator__separator,.e-form__indicators--type-icon_text .e-form__indicators__indicator__separator,.e-form__indicators--type-number .e-form__indicators__indicator__separator,.e-form__indicators--type-number_text .e-form__indicators__indicator__separator{margin-top:calc(var(--e-form-steps-indicator-padding, 30px) \/ 2 - var(--e-form-steps-divider-width, 1px) \/ 2)}.elementor-field-type-hidden{display:none}.elementor-field-type-html{display:inline-block}.elementor-login .elementor-lost-password,.elementor-login .elementor-remember-me{font-size:.85em}.elementor-field-type-recaptcha_v3 .elementor-field-label{display:none}.elementor-field-type-recaptcha_v3 .grecaptcha-badge{z-index:1}.elementor-button .elementor-form-spinner{order:3}.elementor-form .elementor-button>span{display:flex;justify-content:center;align-items:center}.elementor-form .elementor-button .elementor-button-text{white-space:normal;flex-grow:0}.elementor-form .elementor-button svg{height:auto}.elementor-form .elementor-button .e-font-icon-svg{height:1em}.elementor-select-wrapper .select-caret-down-wrapper{position:absolute;top:50%;transform:translateY(-50%);inset-inline-end:10px;pointer-events:none;font-size:11px}.elementor-select-wrapper .select-caret-down-wrapper svg{display:unset;width:1em;aspect-ratio:unset;fill:currentColor}.elementor-select-wrapper .select-caret-down-wrapper i{font-size:19px;line-height:2}.elementor-select-wrapper.remove-before:before{content:\"\"!important}<\/style>\t\t<form class=\"elementor-form\" method=\"post\" name=\"Anonymous Form\" action=\"\">\n\t\t\t<input type=\"hidden\" name=\"post_id\" value=\"55\"\/>\n\t\t\t<input type=\"hidden\" name=\"form_id\" value=\"e897530\"\/>\n\t\t\t<input type=\"hidden\" name=\"referer_title\" value=\"\" \/>\n\n\t\t\t\n\t\t\t<div class=\"elementor-form-fields-wrapper elementor-labels-above\">\n\t\t\t\t\t\t\t\t<div class=\"elementor-field-type-select elementor-field-group elementor-column elementor-field-group-Employee elementor-col-50 elementor-field-required\">\n\t\t\t\t\t\t\t\t\t\t\t\t<label for=\"form-field-Employee\" class=\"elementor-field-label\">\n\t\t\t\t\t\t\t\tSubmitted by (Employee status)\t\t\t\t\t\t\t<\/label>\n\t\t\t\t\t\t\t\t<div class=\"elementor-field elementor-select-wrapper remove-before\">\n\t\t\t<div class=\"select-caret-down-wrapper\">\n\t\t\t\t<i aria-hidden=\"true\" class=\"eicon-caret-down\"><\/i>\t\t\t<\/div>\n\t\t\t<select name=\"form_fields[Employee]\" id=\"form-field-Employee\" class=\"elementor-field-textual elementor-size-sm\" required=\"required\" aria-required=\"true\">\n\t\t\t\t\t\t\t\t\t<option value=\"Zam\u011bstnanec spole\u010dnosti\">Company employee<\/option>\n\t\t\t\t\t\t\t\t\t<option value=\"Jin\u00fd pracovn\u00edk*\">Other employee*<\/option>\n\t\t\t\t\t\t\t<\/select>\n\t\t<\/div>\n\t\t\t\t\t\t<\/div>\n\t\t\t\t\t\t\t\t<div class=\"elementor-field-type-select elementor-field-group elementor-column elementor-field-group-Company elementor-col-50 elementor-field-required\">\n\t\t\t\t\t\t\t\t\t\t\t\t<label for=\"form-field-Company\" class=\"elementor-field-label\">\n\t\t\t\t\t\t\t\t&nbsp;\t\t\t\t\t\t\t<\/label>\n\t\t\t\t\t\t\t\t<div class=\"elementor-field elementor-select-wrapper remove-before\">\n\t\t\t<div class=\"select-caret-down-wrapper\">\n\t\t\t\t<i aria-hidden=\"true\" class=\"eicon-caret-down\"><\/i>\t\t\t<\/div>\n\t\t\t<select name=\"form_fields[Company]\" id=\"form-field-Company\" class=\"elementor-field-textual elementor-size-sm\" required=\"required\" aria-required=\"true\">\n\t\t\t\t\t\t\t\t\t<option value=\"OKIN FACILITY, a.s.\">OKIN FACILITY, a.s.<\/option>\n\t\t\t\t\t\t\t\t\t<option value=\"OKIN INDUSTRY CZ, s.r.o.\">OKIN INDUSTRY CZ, s.r.o.<\/option>\n\t\t\t\t\t\t\t\t\t<option value=\"OKIN FACILITY SK, s.r.o.\">OKIN FACILITY SK, s.r.o.<\/option>\n\t\t\t\t\t\t\t\t\t<option value=\"OKIN FACILITY BG EOOD\">OKIN FACILITY BG EOOD<\/option>\n\t\t\t\t\t\t\t\t\t<option value=\"OKIN FACILITY UA LTD\">OKIN FACILITY UA LTD<\/option>\n\t\t\t\t\t\t\t\t\t<option value=\"OKIN FACILITY PL Sp. z o.o.\">OKIN FACILITY PL Sp. z o.o.<\/option>\n\t\t\t\t\t\t\t\t\t<option value=\"OKIN INDUSTRY PL Sp. z o.o.\">OKIN INDUSTRY PL Sp. z o.o.<\/option>\n\t\t\t\t\t\t\t\t\t<option value=\"OKIN SERVICES PL Sp. z o.o.\">OKIN SERVICES PL Sp. z o.o.<\/option>\n\t\t\t\t\t\t\t\t\t<option value=\"OKIN FACILITY RO S.R.L.\">OKIN FACILITY RO S.R.L.<\/option>\n\t\t\t\t\t\t\t\t\t<option value=\"Datlowe, s.r.o.\">Datlowe, s.r.o.<\/option>\n\t\t\t\t\t\t\t\t\t<option value=\"iotor a.s.\">iotor a.s.<\/option>\n\t\t\t\t\t\t\t\t\t<option value=\"RobotReader a.s.\">RobotReader a.s.<\/option>\n\t\t\t\t\t\t\t\t\t<option value=\"OKIN Shared Services, a.s.\">OKIN Shared Services, a.s.<\/option>\n\t\t\t\t\t\t\t\t\t<option value=\"Hyverr, s.r.o.\">Hyverr, s.r.o.<\/option>\n\t\t\t\t\t\t\t<\/select>\n\t\t<\/div>\n\t\t\t\t\t\t<\/div>\n\t\t\t\t\t\t\t\t<div class=\"elementor-field-type-select elementor-field-group elementor-column elementor-field-group-CompanyFor elementor-col-100 elementor-field-required\">\n\t\t\t\t\t\t\t\t\t\t\t\t<label for=\"form-field-CompanyFor\" class=\"elementor-field-label\">\n\t\t\t\t\t\t\t\tCompany to which the Submission Relates\t\t\t\t\t\t\t<\/label>\n\t\t\t\t\t\t\t\t<div class=\"elementor-field elementor-select-wrapper remove-before\">\n\t\t\t<div class=\"select-caret-down-wrapper\">\n\t\t\t\t<i aria-hidden=\"true\" class=\"eicon-caret-down\"><\/i>\t\t\t<\/div>\n\t\t\t<select name=\"form_fields[CompanyFor]\" id=\"form-field-CompanyFor\" class=\"elementor-field-textual elementor-size-sm\" required=\"required\" aria-required=\"true\">\n\t\t\t\t\t\t\t\t\t<option value=\"OKIN FACILITY, a.s.\">OKIN FACILITY, a.s.<\/option>\n\t\t\t\t\t\t\t\t\t<option value=\"OKIN INDUSTRY CZ, s.r.o.\">OKIN INDUSTRY CZ, s.r.o.<\/option>\n\t\t\t\t\t\t\t\t\t<option value=\"OKIN FACILITY SK, s.r.o.\">OKIN FACILITY SK, s.r.o.<\/option>\n\t\t\t\t\t\t\t\t\t<option value=\"OKIN FACILITY BG EOOD\">OKIN FACILITY BG EOOD<\/option>\n\t\t\t\t\t\t\t\t\t<option value=\"OKIN FACILITY UA LTD\">OKIN FACILITY UA LTD<\/option>\n\t\t\t\t\t\t\t\t\t<option value=\"OKIN FACILITY PL Sp. z o.o.\">OKIN FACILITY PL Sp. z o.o.<\/option>\n\t\t\t\t\t\t\t\t\t<option value=\"OKIN INDUSTRY PL Sp. z o.o.\">OKIN INDUSTRY PL Sp. z o.o.<\/option>\n\t\t\t\t\t\t\t\t\t<option value=\"OKIN SERVICES PL Sp. z o.o.\">OKIN SERVICES PL Sp. z o.o.<\/option>\n\t\t\t\t\t\t\t\t\t<option value=\"OKIN FACILITY RO S.R.L.\">OKIN FACILITY RO S.R.L.<\/option>\n\t\t\t\t\t\t\t\t\t<option value=\"Datlowe, s.r.o.\">Datlowe, s.r.o.<\/option>\n\t\t\t\t\t\t\t\t\t<option value=\"iotor a.s.\">iotor a.s.<\/option>\n\t\t\t\t\t\t\t\t\t<option value=\"RobotReader a.s.\">RobotReader a.s.<\/option>\n\t\t\t\t\t\t\t\t\t<option value=\"OKIN Shared Services, a.s.\">OKIN Shared Services, a.s.<\/option>\n\t\t\t\t\t\t\t\t\t<option value=\"Hyverr, s.r.o.\">Hyverr, s.r.o.<\/option>\n\t\t\t\t\t\t\t<\/select>\n\t\t<\/div>\n\t\t\t\t\t\t<\/div>\n\t\t\t\t\t\t\t\t<div class=\"elementor-field-type-textarea elementor-field-group elementor-column elementor-field-group-Comment elementor-col-100 elementor-field-required\">\n\t\t\t\t\t\t\t\t\t\t\t\t<label for=\"form-field-Comment\" class=\"elementor-field-label\">\n\t\t\t\t\t\t\t\tSubmission Description\t\t\t\t\t\t\t<\/label>\n\t\t\t\t\t\t<textarea class=\"elementor-field-textual elementor-field  elementor-size-sm\" name=\"form_fields[Comment]\" id=\"form-field-Comment\" rows=\"4\" required=\"required\" aria-required=\"true\"><\/textarea>\t\t\t\t<\/div>\n\t\t\t\t\t\t\t\t<div class=\"elementor-field-type-acceptance elementor-field-group elementor-column elementor-field-group-GDPR elementor-col-100 elementor-field-required\">\n\t\t\t\t\t\t\t<div class=\"elementor-field-subgroup\">\n\t\t\t<span class=\"elementor-field-option\">\n\t\t\t\t<input type=\"checkbox\" name=\"form_fields[GDPR]\" id=\"form-field-GDPR\" class=\"elementor-field elementor-size-sm  elementor-acceptance-field\" required=\"required\" aria-required=\"true\">\n\t\t\t\t<label for=\"form-field-GDPR\">I acknowledge the Personal Data Processing Policy published on the company\u00b4s website, which contains more detailed information on the processing of personal data. The controller will process only the personal data you provide in the submission for the purposes of communication in connection with the subject matter of your submission and the processing of your submission, while the legal basis for such processing is a legitimate interest in answering and processing your submission.<\/label>\t\t\t<\/span>\n\t\t<\/div>\n\t\t\t\t\t\t<\/div>\n\t\t\t\t\t\t\t\t<div class=\"elementor-field-type-recaptcha elementor-field-group elementor-column elementor-field-group-field_f3e709d elementor-col-100\">\n\t\t\t\t\t<div class=\"elementor-field\" id=\"form-field-field_f3e709d\"><div class=\"elementor-g-recaptcha\" data-sitekey=\"6Ld9v90nAAAAAMgI0xwg2mRLV1UdbVw_0bFq7PNF\" data-type=\"v2_checkbox\" data-theme=\"light\" data-size=\"normal\"><\/div><\/div>\t\t\t\t<\/div>\n\t\t\t\t\t\t\t\t<div class=\"elementor-field-group elementor-column elementor-field-type-submit elementor-col-100 e-form__buttons\">\n\t\t\t\t\t<button type=\"submit\" class=\"elementor-button elementor-size-sm elementor-animation-grow\">\n\t\t\t\t\t\t<span >\n\t\t\t\t\t\t\t\t\t\t\t\t\t\t\t<span class=\"elementor-button-icon\">\n\t\t\t\t\t\t\t\t\t\t\t\t\t\t\t\t\t\t\t\t\t\t\t\t\t\t<\/span>\n\t\t\t\t\t\t\t\t\t\t\t\t\t\t\t\t\t\t\t\t\t\t<span class=\"elementor-button-text\">Send<\/span>\n\t\t\t\t\t\t\t\t\t\t\t\t\t<\/span>\n\t\t\t\t\t<\/button>\n\t\t\t\t<\/div>\n\t\t\t<\/div>\n\t\t<input type=\"hidden\" name=\"trp-form-language\" value=\"en\"\/><\/form>\n\t\t\t\t<\/div>\n\t\t\t\t<\/div>\n\t\t\t\t<div class=\"elementor-element elementor-element-d9fe381 elementor-widget elementor-widget-text-editor\" data-id=\"d9fe381\" data-element_type=\"widget\" data-widget_type=\"text-editor.default\">\n\t\t\t\t<div class=\"elementor-widget-container\">\n\t\t\t<style>\/*! elementor - v3.13.3 - 22-05-2023 *\/\n.elementor-widget-text-editor.elementor-drop-cap-view-stacked .elementor-drop-cap{background-color:#69727d;color:#fff}.elementor-widget-text-editor.elementor-drop-cap-view-framed .elementor-drop-cap{color:#69727d;border:3px solid;background-color:transparent}.elementor-widget-text-editor:not(.elementor-drop-cap-view-default) .elementor-drop-cap{margin-top:8px}.elementor-widget-text-editor:not(.elementor-drop-cap-view-default) .elementor-drop-cap-letter{width:1em;height:1em}.elementor-widget-text-editor .elementor-drop-cap{float:left;text-align:center;line-height:1;font-size:50px}.elementor-widget-text-editor .elementor-drop-cap-letter{display:inline-block}<\/style>\t\t\t\t<p>* In the context of Employee status, other employee means a responsible person of the company or a person acting on behalf of the company, acting for the company or otherwise similarly cooperating with the company who is not an employee of the company, where responsible person means:<\/p><ol><li>a statutory body or a member of the statutory body of the company, or another person in a leading position within the company who is authorised to act on behalf of or for the company;<\/li><li>a person in a senior position within the company who exercises management or control over the company;<\/li><li>one who exercises decisive influence on the management of the company.<\/li><\/ol>\t\t\t\t\t\t<\/div>\n\t\t\t\t<\/div>\n\t\t\t\t\t<\/div>\n\t\t<\/div>\n\t\t\t\t\t\t\t<\/div>\n\t\t<\/section>\n\t\t\t\t\t\t\t<\/div>","protected":false},"excerpt":{"rendered":"<p>Anonymn\u00ed formul\u00e1\u0159 * V r\u00e1mci statusu podatele (pracovn\u00edka) je jin\u00fdm pracovn\u00edkem my\u0161lena odpov\u011bdn\u00e1 osoba spole\u010dnosti nebo osoba vystupuj\u00edc\u00ed jm\u00e9nem spole\u010dnosti, jednaj\u00edc\u00ed za spole\u010dnost \u010di osoba jinak obdobn\u011b spolupracuj\u00edc\u00ed se spole\u010dnost\u00ed, kter\u00e1 nen\u00ed zam\u011bstnancem t\u00e9to spole\u010dnosti, kdy odpov\u011bdnou osobou se mysl\u00ed: statut\u00e1rn\u00ed org\u00e1n nebo \u010dlen statut\u00e1rn\u00edho org\u00e1nu spole\u010dnosti, anebo jin\u00e1 osoba ve vedouc\u00edm postaven\u00ed v r\u00e1mci [&hellip;]<\/p>","protected":false},"author":1,"featured_media":0,"parent":0,"menu_order":0,"comment_status":"closed","ping_status":"closed","template":"elementor_header_footer","meta":{"footnotes":""},"class_list":["post-55","page","type-page","status-publish","hentry"],"_links":{"self":[{"href":"https:\/\/compliance.okin.eu\/en\/wp-json\/wp\/v2\/pages\/55","targetHints":{"allow":["GET"]}}],"collection":[{"href":"https:\/\/compliance.okin.eu\/en\/wp-json\/wp\/v2\/pages"}],"about":[{"href":"https:\/\/compliance.okin.eu\/en\/wp-json\/wp\/v2\/types\/page"}],"author":[{"embeddable":true,"href":"https:\/\/compliance.okin.eu\/en\/wp-json\/wp\/v2\/users\/1"}],"replies":[{"embeddable":true,"href":"https:\/\/compliance.okin.eu\/en\/wp-json\/wp\/v2\/comments?post=55"}],"version-history":[{"count":82,"href":"https:\/\/compliance.okin.eu\/en\/wp-json\/wp\/v2\/pages\/55\/revisions"}],"predecessor-version":[{"id":272,"href":"https:\/\/compliance.okin.eu\/en\/wp-json\/wp\/v2\/pages\/55\/revisions\/272"}],"wp:attachment":[{"href":"https:\/\/compliance.okin.eu\/en\/wp-json\/wp\/v2\/media?parent=55"}],"curies":[{"name":"wp","href":"https:\/\/api.w.org\/{rel}","templated":true}]}}